{"id":241,"date":"2016-12-09T10:06:57","date_gmt":"2016-12-09T10:06:57","guid":{"rendered":"http:\/\/beson.generationdesign.com\/?page_id=241"},"modified":"2019-03-14T14:53:46","modified_gmt":"2019-03-14T14:53:46","slug":"mpressum","status":"publish","type":"page","link":"https:\/\/www.beson.info\/index.php\/mpressum\/","title":{"rendered":"Rechtliche Hinweise"},"content":{"rendered":"<p><span id=\"layerContentMirror\">Zus\u00e4tzliche Angaben gem. \u00a75 des Telemediengesetzes (TMG) in der Fassung des Gesetzes \u00fcber rechtliche Rahmenbedingungen f\u00fcr den elektronischen Gesch\u00e4ftsverkehr:<\/span><\/p>\n<p><span id=\"layerContentMirror\"><strong>BESON Heizkostenabrechnung GmbH<\/strong><\/span><span id=\"layerContentMirror\"><br \/>\n<\/span><span id=\"layerContentMirror\">Spatzenweg 5<br \/>\n<\/span><span id=\"layerContentMirror\">D-48282 Emsdetten<br \/>\nTel.: +49 (0)2572 95 90 950<br \/>\nFax: +49 (0)2572 95 90 951<br \/>\nE-Mail: <a href=\"mailto:info@beson.info\">info@beson.info<\/a><\/span><\/p>\n<p><span id=\"layerContentMirror\"><strong>Herausgeber: <\/strong><br \/>\nBESON Heizkostenabrechnung GmbH<br \/>\nAlwin Sonnenberg, Gesch\u00e4ftsf\u00fchrer<br \/>\nUSt.Id.Nr. DE 815182179<\/span><\/p>\n<p>&nbsp;<\/p>\n<p>&nbsp;<\/p>\n<p><strong>Datenschutzerkl\u00e4rung<\/strong><\/p>\n<p>Diese Datenschutzerkl\u00e4rung kl\u00e4rt \u00fcber die Art, den Umfang und Zwecke der Erhebung und Verwendung von Daten der Besucher und Nutzer (nachfolgend zusammenfassend bezeichnet als \u201eNutzer\u201c) durch<strong> BESON Heizkostenabrechnung GmbH, <\/strong>Spatzenweg 5, D-48282 Emsdetten (nachfolgend \u201eAnbieter\u201c) als datenschutzrechtlich verantwortliche Stelle auf. Bei Fragen zum Datenschutz erreichen Sie uns per E-Mail unter:\u00a0<a href=\"mailto:info@beson.info\">info@beson.info<\/a><\/p>\n<p><strong>Informationspflicht gem. Art. 13 DSGVO (Verordnung (EU) 679\/2016)<\/strong><\/p>\n<p>Verantwortliche Stelle f\u00fcr die Erhebung, Verarbeitung und Nutzung Ihrer personenbezogenen Daten im Sinne der DSGVO ist<\/p>\n<p><strong>BESON Heizkostenabrechnung GmbH<\/strong><br \/>\nSpatzenweg 5<br \/>\nD-48282 Emsdetten<\/p>\n<p><strong>vertreten durch:<\/strong><br \/>\nAlwin Sonnenberg, Gesch\u00e4ftsf\u00fchrer<br \/>\nTel.: +49 (0)2572 95 90 950<br \/>\nFax: +49 (0)2572 95 90 951<br \/>\nE-Mail:\u00a0<a href=\"mailto:info@beson.info\">info@beson.info<\/a><\/p>\n<p>Die auf dieser Webseite gesammelten Daten dienen ausschlie\u00dflich der Bearbeitung von Anfragen, der Vertragsabwicklung und zur m\u00f6glichen Kontaktaufnahme durch den Verantwortlichen. Die Daten werden nicht an Dritte weiter gegeben.<\/p>\n<p>Sie haben das Recht auf Auskunft \u00fcber ihre personenbezogenen Daten, sowie das Recht auf Berichtigung oder L\u00f6schung oder Einschr\u00e4nkung der Verarbeitung. Ebenso k\u00f6nnen sie der Verarbeitung\u00a0widersprechen und haben das Recht auf \u00dcbertragung ihrer personenbezogenen Daten in strukturierter, maschinenlesbaren Form. F\u00fcr alle genannten Rechte wenden Sie sich bitte an die Kontaktdaten des Verantwortlichen. Sie haben das Recht auf Beschwerde bei einer Aufsichtsbeh\u00f6rde.<\/p>\n<p><strong>Erhebung von Zugriffsdaten<\/strong><\/p>\n<p>Der Anbieter erhebt Daten \u00fcber jeden Zugriff auf das Onlineangebot (so genannte Serverlogfiles). Zu den Zugriffsdaten geh\u00f6ren Name der abgerufenen Webseite, Datei, Datum und Uhrzeit des Abrufs, \u00fcbertragene Datenmenge, Meldung \u00fcber erfolgreichen Abruf, Browsertyp nebst Version, das Betriebssystem des Nutzers, Referrer URL (die zuvor besuchte Seite), IP-Adresse und der anfragende Provider. Der Anbieter verwendet die Protokolldaten ohne Zuordnung zur Person des Nutzers oder sonstiger Profilerstellung entsprechend den gesetzlichen Bestimmungen nur f\u00fcr statistische Auswertungen zum Zweck des Betriebs, der Sicherheit und der Optimierung des Onlineangebotes. Der Anbieter beh\u00e4lt sich jedoch vor, die Protokolldaten nachtr\u00e4glich zu \u00fcberpr\u00fcfen, wenn aufgrund konkreter Anhaltspunkte der berechtigte Verdacht einer rechtswidrigen Nutzung besteht.<\/p>\n<p><strong>Erhebung und Nutzung personenbezogener Daten<\/strong><\/p>\n<p>Personenbezogene Daten werden vom Anbieter nur dann erhoben und genutzt, wenn dies gesetzlich erlaubt ist oder die Nutzer in die Datenerhebung einwilligen.<\/p>\n<p>In der Regel ist es f\u00fcr die Nutzer bei der Nutzung des Dienstes erkennbar welche Daten gespeichert werden, so zum Beispiel Name, E-Mail-Adresse und Nachricht. Diese Daten werden vertraulich behandelt und nicht an Dritte weitergegeben.<\/p>\n<p>Bei der Kontaktaufnahme mit dem Anbieter werden die Angaben des Nutzers zwecks Bearbeitung der Anfrage sowie f\u00fcr den Fall, dass Anschlussfragen entstehen, gespeichert. Der Anbieter hat organisatorische, vertragliche und technische Sicherheitsma\u00dfnahmen getroffen, um sicher zu stellen, dass die Vorschriften der Datenschutzgesetze eingehalten werden und zuf\u00e4llige oder vors\u00e4tzliche Manipulationen, Verlust, Zerst\u00f6rung oder der Zugriff unberechtigter Personen verhindert wird.<\/p>\n<p><strong>Datenweiterleitung an Dritte<\/strong><\/p>\n<p>Die Daten der Nutzer werden nur dann an Dritte weiter geleitet, wenn dies gesetzlich erlaubt ist oder ein Nutzer in die Weiterleitung eingewilligt hat. Das ist zum Beispiel der Fall wenn die Daten von zust\u00e4ndigen Stellen wie Strafverfolgungsbeh\u00f6rden angefordert werden. Die personenbezogenen Daten der Nutzer werden keineswegs an Dritte zu Werbezwecken oder zwecks Erstellung von Nutzerprofilen verkauft oder weitergeleitet.<\/p>\n<p><strong>Cookies<\/strong><\/p>\n<p>Der Anbieter setzt im Rahmen seines Onlineangebotes keine \u201eCookies\u201c ein.<\/p>\n<p><strong>Widerruf, \u00c4nderungen, Berichtigungen und Aktualisierungen<\/strong><\/p>\n<p>Der Nutzer hat das Recht, auf Antrag unentgeltlich Auskunft zu erhalten \u00fcber die personenbezogenen Daten, die vom Anbieter \u00fcber ihn gespeichert wurden. Kontaktdaten finden sich im Impressum des Anbieters. Zus\u00e4tzlich hat der Nutzer das Recht auf Berichtigung unrichtiger Daten, Sperrung und L\u00f6schung seiner personenbezogenen Daten, soweit keine gesetzliche Aufbewahrungspflicht entgegensteht.<\/p>\n<p><strong>\u00c4nderungen der\u00a0Datenschutzerkl\u00e4rung<\/strong><\/p>\n<p>Der Anbieter beh\u00e4lt sich vor, die Datenschutzerkl\u00e4rung zu \u00e4ndern, um sie an ge\u00e4nderte Rechtslage oder bei \u00c4nderungen des Dienstes sowie der Datenverarbeitung anzupassen.<\/p>\n<p><span id=\"layerContentMirror\"><strong>Rechtliche Hinweise<\/strong><\/span><\/p>\n<p><span id=\"layerContentMirror\">Die Informationen sind Eigentum der Masterplan Unternehmens- und Marketingberatung Ellerbrock. Sie stellen die zum Zeitpunkt der Publikation jeweils neusten Informationen dar. Eine Haftung oder Garantie f\u00fcr die Aktualit\u00e4t, Richtigkeit und Vollst\u00e4ndigkeit der zur Verf\u00fcgung gestellten Informationen und Daten ist ausgeschlossen. Dies gilt ebenso f\u00fcr alle anderen Websites, auf die mittels eines Hyperlinks verwiesen wird. F\u00fcr den Inhalt solcher Sites ist Masterplan Unternehmens- und Marketingberatung Ellerbrock ebenfalls nicht verantwortlich.<\/span><\/p>\n<p>&nbsp;<\/p>\n<p>Wir verwenden den Google-Dienst reCaptcha, um festzustellen, ob ein Mensch oder ein Computer eine bestimmte Eingabe in unserem Kontakt- oder Newsletter-Formular macht. Google pr\u00fcft anhand folgender Daten, ob Sie ein Mensch oder ein Computer sind: IP-Adresse des verwendeten Endger\u00e4ts, die Webseite, die Sie bei uns besuchen und auf der das Captcha eingebunden ist, das Datum und die Dauer des Besuchs, die Erkennungsdaten des verwendeten Browser- und Betriebssystem-Typs, Google-Account, wenn Sie bei Google eingeloggt sind, Mausbewegungen auf den reCaptcha-Fl\u00e4chen sowie Aufgaben, bei denen Sie Bilder identifizieren m\u00fcssen. Rechtsgrundlage f\u00fcr die beschriebene Datenverarbeitung ist Art. 6 Abs. 1 Buchstabe f Datenschutz-Grundverordnung. Es besteht ein berechtigtes Interesse auf unserer Seite an dieser Datenverarbeitung, die Sicherheit unserer Webseite zu gew\u00e4hrleisten und uns vor automatisierten Eingaben (Angriffen) zu sch\u00fctzen.<\/p>\n","protected":false},"excerpt":{"rendered":"<p>Zus\u00e4tzliche Angaben gem. \u00a75 des Telemediengesetzes (TMG) in der Fassung des Gesetzes \u00fcber rechtliche Rahmenbedingungen f\u00fcr den elektronischen Gesch\u00e4ftsverkehr: BESON Heizkostenabrechnung GmbH Spatzenweg 5 D-48282 Emsdetten Tel.: +49 (0)2572 95 90 950 Fax: +49 (0)2572 95 90 951 E-Mail: info@beson.info Herausgeber: BESON Heizkostenabrechnung GmbH Alwin Sonnenberg, Gesch\u00e4ftsf\u00fchrer USt.Id.Nr. DE 815182179 &nbsp; &nbsp; Datenschutzerkl\u00e4rung Diese Datenschutzerkl\u00e4rung [&hellip;]<\/p>\n","protected":false},"author":1,"featured_media":613,"parent":0,"menu_order":0,"comment_status":"closed","ping_status":"closed","template":"include\/impressum.php","meta":[],"_links":{"self":[{"href":"https:\/\/www.beson.info\/index.php\/wp-json\/wp\/v2\/pages\/241"}],"collection":[{"href":"https:\/\/www.beson.info\/index.php\/wp-json\/wp\/v2\/pages"}],"about":[{"href":"https:\/\/www.beson.info\/index.php\/wp-json\/wp\/v2\/types\/page"}],"author":[{"embeddable":true,"href":"https:\/\/www.beson.info\/index.php\/wp-json\/wp\/v2\/users\/1"}],"replies":[{"embeddable":true,"href":"https:\/\/www.beson.info\/index.php\/wp-json\/wp\/v2\/comments?post=241"}],"version-history":[{"count":5,"href":"https:\/\/www.beson.info\/index.php\/wp-json\/wp\/v2\/pages\/241\/revisions"}],"predecessor-version":[{"id":1436,"href":"https:\/\/www.beson.info\/index.php\/wp-json\/wp\/v2\/pages\/241\/revisions\/1436"}],"wp:featuredmedia":[{"embeddable":true,"href":"https:\/\/www.beson.info\/index.php\/wp-json\/wp\/v2\/media\/613"}],"wp:attachment":[{"href":"https:\/\/www.beson.info\/index.php\/wp-json\/wp\/v2\/media?parent=241"}],"curies":[{"name":"wp","href":"https:\/\/api.w.org\/{rel}","templated":true}]}}