{"id":37,"date":"2016-11-25T11:06:10","date_gmt":"2016-11-25T11:06:10","guid":{"rendered":"http:\/\/beson.generationdesign.com\/?page_id=37"},"modified":"2017-01-10T13:55:50","modified_gmt":"2017-01-10T13:55:50","slug":"nebenkosten","status":"publish","type":"page","link":"https:\/\/www.beson.info\/index.php\/nebenkosten\/","title":{"rendered":"J\u00e4hrlich wiederkehrende Pflichtaufgabe f\u00fcr Vermieter und Wohneigent\u00fcmergemeinschaften"},"content":{"rendered":"<p><strong>Wir erstellen Ihnen die Hausnebenkostenabrechnung<\/strong><\/p>\n<p>Die Betriebskostenabrechnung stellt Verwaltungen, Vermieter und Eigent\u00fcmergemeinschaften allj\u00e4hrlich vor die Herausforderung, diese rechtssicher und rechtzeitig zu erstellen, damit keine Anspr\u00fcche verfallen.<\/p>\n","protected":false},"excerpt":{"rendered":"<p>Wir erstellen Ihnen die Hausnebenkostenabrechnung Die Betriebskostenabrechnung stellt Verwaltungen, Vermieter und Eigent\u00fcmergemeinschaften allj\u00e4hrlich vor die Herausforderung, diese rechtssicher und rechtzeitig zu erstellen, damit keine Anspr\u00fcche verfallen.<\/p>\n","protected":false},"author":1,"featured_media":588,"parent":0,"menu_order":0,"comment_status":"closed","ping_status":"closed","template":"include\/hausnebenkosten.php","meta":[],"_links":{"self":[{"href":"https:\/\/www.beson.info\/index.php\/wp-json\/wp\/v2\/pages\/37"}],"collection":[{"href":"https:\/\/www.beson.info\/index.php\/wp-json\/wp\/v2\/pages"}],"about":[{"href":"https:\/\/www.beson.info\/index.php\/wp-json\/wp\/v2\/types\/page"}],"author":[{"embeddable":true,"href":"https:\/\/www.beson.info\/index.php\/wp-json\/wp\/v2\/users\/1"}],"replies":[{"embeddable":true,"href":"https:\/\/www.beson.info\/index.php\/wp-json\/wp\/v2\/comments?post=37"}],"version-history":[{"count":1,"href":"https:\/\/www.beson.info\/index.php\/wp-json\/wp\/v2\/pages\/37\/revisions"}],"predecessor-version":[{"id":589,"href":"https:\/\/www.beson.info\/index.php\/wp-json\/wp\/v2\/pages\/37\/revisions\/589"}],"wp:featuredmedia":[{"embeddable":true,"href":"https:\/\/www.beson.info\/index.php\/wp-json\/wp\/v2\/media\/588"}],"wp:attachment":[{"href":"https:\/\/www.beson.info\/index.php\/wp-json\/wp\/v2\/media?parent=37"}],"curies":[{"name":"wp","href":"https:\/\/api.w.org\/{rel}","templated":true}]}}