{"id":56,"date":"2016-11-25T13:13:04","date_gmt":"2016-11-25T13:13:04","guid":{"rendered":"http:\/\/beson.generationdesign.com\/?page_id=56"},"modified":"2017-02-12T15:49:30","modified_gmt":"2017-02-12T15:49:30","slug":"hausverwaltungen","status":"publish","type":"page","link":"https:\/\/www.beson.info\/index.php\/hausverwaltungen\/","title":{"rendered":"Hausverwaltungen &#8211; L\u00f6sungen bieten"},"content":{"rendered":"<p><span id=\"layerContentMirror\"><strong>Mehr Zufriedenheit durch schnelle Reaktion und Vor-Ort-Service<br \/>\n<\/strong><\/span><\/p>\n<p><span id=\"layerContentMirror\">BESON ist bestrebt die Prozesse so flexibel zu gestalten, dass optimale L\u00f6sungen f\u00fcr Hausverwaltungen und deren Kunden entstehen. Wir erbringen unsere Dienstleistung korrekt und zeitgerecht und passen uns Ihren Anforderungen zur Verwaltung Ihrer Liegenschaften optimal an.<\/span><\/p>\n<p><span id=\"layerContentMirror\">Ziel von BESON ist es den Zeitraum vom Ende der Abrechnungsperiode bis zur korrekten verbrauchsabh\u00e4ngigen Abrechnung flexibel Ihren Bed\u00fcrfnissen anzupassen. Unsere Servicemitarbeiter sind Ihnen dabei namentlich bekannt und stehen Ihnen jederzeit telefonisch oder vor Ort zur Verf\u00fcgung.<br \/>\n<\/span><\/p>\n<p><span id=\"layerContentMirror\" style=\"color: #ff6600;\"><strong>Unser Leistungspaket \u00fcberzeugt<\/strong><\/span><\/p>\n<p><span id=\"layerContentMirror\">Lassen Sie sich von unseren Mitarbeitern aus unserem umfangreichen Leistungskatalog die genau zu Ihnen passende L\u00f6sung anbieten. Wir reagieren flexibel und schnell auf Ihre W\u00fcnsche und Anforderungen. Bei der Messtechnik setzen wir ausschlie\u00dflich auf Qualit\u00e4tsger\u00e4te von namhaften deutschen Herstellern.<br \/>\n<\/span><\/p>\n","protected":false},"excerpt":{"rendered":"<p>Mehr Zufriedenheit durch schnelle Reaktion und Vor-Ort-Service BESON ist bestrebt die Prozesse so flexibel zu gestalten, dass optimale L\u00f6sungen f\u00fcr Hausverwaltungen und deren Kunden entstehen. Wir erbringen unsere Dienstleistung korrekt und zeitgerecht und passen uns Ihren Anforderungen zur Verwaltung Ihrer Liegenschaften optimal an. Ziel von BESON ist es den Zeitraum vom Ende der Abrechnungsperiode bis [&hellip;]<\/p>\n","protected":false},"author":1,"featured_media":604,"parent":0,"menu_order":0,"comment_status":"closed","ping_status":"closed","template":"include\/hausverwaltungen.php","meta":[],"_links":{"self":[{"href":"https:\/\/www.beson.info\/index.php\/wp-json\/wp\/v2\/pages\/56"}],"collection":[{"href":"https:\/\/www.beson.info\/index.php\/wp-json\/wp\/v2\/pages"}],"about":[{"href":"https:\/\/www.beson.info\/index.php\/wp-json\/wp\/v2\/types\/page"}],"author":[{"embeddable":true,"href":"https:\/\/www.beson.info\/index.php\/wp-json\/wp\/v2\/users\/1"}],"replies":[{"embeddable":true,"href":"https:\/\/www.beson.info\/index.php\/wp-json\/wp\/v2\/comments?post=56"}],"version-history":[{"count":11,"href":"https:\/\/www.beson.info\/index.php\/wp-json\/wp\/v2\/pages\/56\/revisions"}],"predecessor-version":[{"id":1317,"href":"https:\/\/www.beson.info\/index.php\/wp-json\/wp\/v2\/pages\/56\/revisions\/1317"}],"wp:featuredmedia":[{"embeddable":true,"href":"https:\/\/www.beson.info\/index.php\/wp-json\/wp\/v2\/media\/604"}],"wp:attachment":[{"href":"https:\/\/www.beson.info\/index.php\/wp-json\/wp\/v2\/media?parent=56"}],"curies":[{"name":"wp","href":"https:\/\/api.w.org\/{rel}","templated":true}]}}