{"id":65,"date":"2016-11-28T13:53:44","date_gmt":"2016-11-28T13:53:44","guid":{"rendered":"http:\/\/beson.generationdesign.com\/?page_id=65"},"modified":"2025-05-15T13:37:00","modified_gmt":"2025-05-15T13:37:00","slug":"eigentumer","status":"publish","type":"page","link":"https:\/\/www.beson.info\/index.php\/eigentumer\/","title":{"rendered":"Eigent\u00fcmer zufrieden stellen"},"content":{"rendered":"<p><strong>Heiz- und Hausnebenkosten abrechnen: korrekt \u2013 schnell \u2013 pers\u00f6nlich \u2013 nah<\/strong><\/p>\n<p>BESON bietet privaten Eigent\u00fcmern einen pers\u00f6nlichen Service an, um die meist vermieteten Wohungen unkompliziert abzurechnen. Unsere erfahrenen und freundlichen Servicemitarbeiter, betreuen Sie umfassend, von der Angebotsanfrage, \u00fcber die Auswahl der richtigen Messger\u00e4te, der periodischen Ablesung der Z\u00e4hler bis hin zur korrekten verbrauchsorientierten Abrechnung Ihrer Heiz- und Hausnebenkosten. Wir legen Wert darauf, dass Sie immer auf dem neusten Stand sind; sowohl messtechnisch als auch bei der Verteilung der Kosten. Entsprechend Ihren Anforderungen bieten wir Ihnen einen kompletten Service, von Hilfe beim Ausf\u00fcllen der Unterlagen bis hin zum modernen \u00dcbertragen der Daten. Direkte Ansprechpartner runden unser Angebot ab. Sie werden bei BESON nicht von Call Center Mitarbeitern betreut sondern kennen Ihren Ansprechpartner namentlich und der kennt Ihre Liegenschaft und Ihre Abrechnung.<\/p>\n<p><span style=\"color: #ff6600;\"><strong>Unser Mitarbeiter sind erreichbar und reagieren flexible und schnell<br \/>\n<\/strong><\/span><\/p>\n<p>Direkte Ansprechpartner runden unser Angebot ab. Sie werden bei BESON nicht von Call Center Mitarbeitern betreut sondern kennen Ihren Ansprechpartner namentlich und der kennt Ihre Liegenschaft und Ihre Abrechnung. So k\u00f6nnen wir flexibel Ihre W\u00fcnsche ber\u00fccksichtigen. Montage- und Ablesetermine vereinbaren wird kurzfristig nach Ihren W\u00fcnschen.<\/p>\n","protected":false},"excerpt":{"rendered":"<p>Heiz- und Hausnebenkosten abrechnen: korrekt \u2013 schnell \u2013 pers\u00f6nlich \u2013 nah BESON bietet privaten Eigent\u00fcmern einen pers\u00f6nlichen Service an, um die meist vermieteten Wohungen unkompliziert abzurechnen. Unsere erfahrenen und freundlichen Servicemitarbeiter, betreuen Sie umfassend, von der Angebotsanfrage, \u00fcber die Auswahl der richtigen Messger\u00e4te, der periodischen Ablesung der Z\u00e4hler bis hin zur korrekten verbrauchsorientierten Abrechnung Ihrer [&hellip;]<\/p>\n","protected":false},"author":1,"featured_media":606,"parent":0,"menu_order":0,"comment_status":"closed","ping_status":"closed","template":"include\/eigentumer.php","meta":[],"_links":{"self":[{"href":"https:\/\/www.beson.info\/index.php\/wp-json\/wp\/v2\/pages\/65"}],"collection":[{"href":"https:\/\/www.beson.info\/index.php\/wp-json\/wp\/v2\/pages"}],"about":[{"href":"https:\/\/www.beson.info\/index.php\/wp-json\/wp\/v2\/types\/page"}],"author":[{"embeddable":true,"href":"https:\/\/www.beson.info\/index.php\/wp-json\/wp\/v2\/users\/1"}],"replies":[{"embeddable":true,"href":"https:\/\/www.beson.info\/index.php\/wp-json\/wp\/v2\/comments?post=65"}],"version-history":[{"count":9,"href":"https:\/\/www.beson.info\/index.php\/wp-json\/wp\/v2\/pages\/65\/revisions"}],"predecessor-version":[{"id":1396,"href":"https:\/\/www.beson.info\/index.php\/wp-json\/wp\/v2\/pages\/65\/revisions\/1396"}],"wp:featuredmedia":[{"embeddable":true,"href":"https:\/\/www.beson.info\/index.php\/wp-json\/wp\/v2\/media\/606"}],"wp:attachment":[{"href":"https:\/\/www.beson.info\/index.php\/wp-json\/wp\/v2\/media?parent=65"}],"curies":[{"name":"wp","href":"https:\/\/api.w.org\/{rel}","templated":true}]}}