{"id":70,"date":"2016-11-28T14:10:37","date_gmt":"2016-11-28T14:10:37","guid":{"rendered":"http:\/\/beson.generationdesign.com\/?page_id=70"},"modified":"2017-02-14T07:31:39","modified_gmt":"2017-02-14T07:31:39","slug":"about","status":"publish","type":"page","link":"https:\/\/www.beson.info\/index.php\/about\/","title":{"rendered":"BESON \u2013 Auf einen Blick"},"content":{"rendered":"<p><span id=\"layerContentMirror\"><strong>immer pers\u00f6nlich f\u00fcr Sie da &#8211; freundlich, schnell, flexibel<\/strong> <\/span><\/p>\n<p><span id=\"layerContentMirror\">Mit unserem Team stehen wir Ihnen jederzeit gerne pers\u00f6nlich zur Verf\u00fcgung. Unsere freundlichen Mitarbeiter nehmen sich Zeit um Sie pers\u00f6nlich zu beraten. Vor Ort bei Ihnen oder in unserem B\u00fcro in Emsdetten.<\/span><\/p>\n<p><span id=\"layerContentMirror\"><br \/>\n<span style=\"color: #ff770e;\"><strong>Unser Leistungspaket \u00fcberzeugt<\/strong><\/span> <\/span><\/p>\n<p><span id=\"layerContentMirror\">Lassen Sie sich von unseren Mitarbeitern aus unserem umfangreichen Leistungskatalog die genau zu Ihnen passende L\u00f6sung schneidern. Unsere erfahrenen Mitarbeiter beraten Sie dabei gerne in allen Fragen und unterbreiten Ihnen ein unverbindliches Angebot.<br \/>\n<\/span><\/p>\n","protected":false},"excerpt":{"rendered":"<p>immer pers\u00f6nlich f\u00fcr Sie da &#8211; freundlich, schnell, flexibel Mit unserem Team stehen wir Ihnen jederzeit gerne pers\u00f6nlich zur Verf\u00fcgung. Unsere freundlichen Mitarbeiter nehmen sich Zeit um Sie pers\u00f6nlich zu beraten. Vor Ort bei Ihnen oder in unserem B\u00fcro in Emsdetten. Unser Leistungspaket \u00fcberzeugt Lassen Sie sich von unseren Mitarbeitern aus unserem umfangreichen Leistungskatalog die [&hellip;]<\/p>\n","protected":false},"author":1,"featured_media":608,"parent":0,"menu_order":0,"comment_status":"closed","ping_status":"closed","template":"include\/about.php","meta":[],"_links":{"self":[{"href":"https:\/\/www.beson.info\/index.php\/wp-json\/wp\/v2\/pages\/70"}],"collection":[{"href":"https:\/\/www.beson.info\/index.php\/wp-json\/wp\/v2\/pages"}],"about":[{"href":"https:\/\/www.beson.info\/index.php\/wp-json\/wp\/v2\/types\/page"}],"author":[{"embeddable":true,"href":"https:\/\/www.beson.info\/index.php\/wp-json\/wp\/v2\/users\/1"}],"replies":[{"embeddable":true,"href":"https:\/\/www.beson.info\/index.php\/wp-json\/wp\/v2\/comments?post=70"}],"version-history":[{"count":7,"href":"https:\/\/www.beson.info\/index.php\/wp-json\/wp\/v2\/pages\/70\/revisions"}],"predecessor-version":[{"id":1383,"href":"https:\/\/www.beson.info\/index.php\/wp-json\/wp\/v2\/pages\/70\/revisions\/1383"}],"wp:featuredmedia":[{"embeddable":true,"href":"https:\/\/www.beson.info\/index.php\/wp-json\/wp\/v2\/media\/608"}],"wp:attachment":[{"href":"https:\/\/www.beson.info\/index.php\/wp-json\/wp\/v2\/media?parent=70"}],"curies":[{"name":"wp","href":"https:\/\/api.w.org\/{rel}","templated":true}]}}