{"id":89,"date":"2016-11-29T10:16:22","date_gmt":"2016-11-29T10:16:22","guid":{"rendered":"http:\/\/beson.generationdesign.com\/?page_id=89"},"modified":"2017-01-10T13:57:47","modified_gmt":"2017-01-10T13:57:47","slug":"messtechnik","status":"publish","type":"page","link":"https:\/\/www.beson.info\/index.php\/messtechnik\/","title":{"rendered":"F\u00fchrende Messtechnik f\u00fcr die Verbrauchserfassung von W\u00e4rme und Wasser"},"content":{"rendered":"<p><span id=\"layerContentMirror\"><strong>So vielf\u00e4ltig der Einsatz, so flexibel unsere Produkte<\/strong> <\/span><\/p>\n<p><span id=\"layerContentMirror\">Wir haben die passenden Produkte f\u00fcr Ihre Liegenschaft vor Ort vorr\u00e4tig. Dabei arbeiten wir ausschlie\u00dflich mit modernster Messtechnik \u201emade in Germany\u201c. Alle unsere Produkte entsprechen den nationalen und europ\u00e4ischen Zulassungen. <\/span><\/p>\n","protected":false},"excerpt":{"rendered":"<p>So vielf\u00e4ltig der Einsatz, so flexibel unsere Produkte Wir haben die passenden Produkte f\u00fcr Ihre Liegenschaft vor Ort vorr\u00e4tig. Dabei arbeiten wir ausschlie\u00dflich mit modernster Messtechnik \u201emade in Germany\u201c. Alle unsere Produkte entsprechen den nationalen und europ\u00e4ischen Zulassungen.<\/p>\n","protected":false},"author":1,"featured_media":592,"parent":0,"menu_order":0,"comment_status":"closed","ping_status":"closed","template":"include\/messtechnik.php","meta":[],"_links":{"self":[{"href":"https:\/\/www.beson.info\/index.php\/wp-json\/wp\/v2\/pages\/89"}],"collection":[{"href":"https:\/\/www.beson.info\/index.php\/wp-json\/wp\/v2\/pages"}],"about":[{"href":"https:\/\/www.beson.info\/index.php\/wp-json\/wp\/v2\/types\/page"}],"author":[{"embeddable":true,"href":"https:\/\/www.beson.info\/index.php\/wp-json\/wp\/v2\/users\/1"}],"replies":[{"embeddable":true,"href":"https:\/\/www.beson.info\/index.php\/wp-json\/wp\/v2\/comments?post=89"}],"version-history":[{"count":1,"href":"https:\/\/www.beson.info\/index.php\/wp-json\/wp\/v2\/pages\/89\/revisions"}],"predecessor-version":[{"id":593,"href":"https:\/\/www.beson.info\/index.php\/wp-json\/wp\/v2\/pages\/89\/revisions\/593"}],"wp:featuredmedia":[{"embeddable":true,"href":"https:\/\/www.beson.info\/index.php\/wp-json\/wp\/v2\/media\/592"}],"wp:attachment":[{"href":"https:\/\/www.beson.info\/index.php\/wp-json\/wp\/v2\/media?parent=89"}],"curies":[{"name":"wp","href":"https:\/\/api.w.org\/{rel}","templated":true}]}}